{"id":326,"date":"2017-08-06T13:27:11","date_gmt":"2017-08-06T13:27:11","guid":{"rendered":"http:\/\/codeless.co\/handel\/corporate?page_id=326"},"modified":"2023-01-25T21:08:05","modified_gmt":"2023-01-25T21:08:05","slug":"stafi-bordi","status":"publish","type":"page","link":"https:\/\/ascpdp.com\/?page_id=326","title":{"rendered":"Stafi \/ Bordi"},"content":{"rendered":"<p>[cl_row columns_gap=&#8221;0&#8243; device_visibility=&#8221;`{`object Object`}`&#8221; css_style=&#8221;padding-top:60px|padding-bottom:55px&#8221;][cl_column device_visibility=&#8221;`{`object Object`}`&#8221; css_style=&#8221;padding-top:20px|padding-bottom:20px&#8221;][cl_custom_heading parallel_divider=&#8221;0&#8243; custom_responsive_992_bool=&#8221;0&#8243; custom_responsive_768_bool=&#8221;0&#8243; css_style=&#8221;margin-top:35px&#8221;]<\/p>\n<p style=\"text-align: center;\">Stafi<\/p>\n<p>[\/cl_custom_heading][cl_row_inner css_style=&#8221;margin-top:35px&#8221;][cl_column_inner width=&#8221;1\/3&#8243; css_style=&#8221;padding-top:10px|padding-bottom:10px&#8221;][cl_text custom_typography=&#8221;0&#8243; custom_responsive_992_bool=&#8221;0&#8243; custom_responsive_768_bool=&#8221;0&#8243; css_style=&#8221;margin-top:35px&#8221;]<\/p>\n<h3 style=\"text-align: center;\"><\/h3>\n<h5 style=\"text-align: center;\">Drejtor Ekzekutiv<\/h5>\n<p>[\/cl_text][\/cl_column_inner][cl_column_inner width=&#8221;1\/3&#8243; css_style=&#8221;padding-top:10px|padding-bottom:10px&#8221;][cl_text custom_typography=&#8221;0&#8243; custom_responsive_992_bool=&#8221;0&#8243; custom_responsive_768_bool=&#8221;0&#8243; css_style=&#8221;margin-top:35px&#8221;]<\/p>\n<h3 style=\"text-align: center;\">Olta Aliaj<\/h3>\n<h5 style=\"text-align: center;\">Menaxher Programi\/Projekti<\/h5>\n<p>[\/cl_text][\/cl_column_inner][cl_column_inner width=&#8221;1\/3&#8243; css_style=&#8221;padding-top:10px|padding-bottom:10px&#8221;][cl_text custom_typography=&#8221;0&#8243; custom_responsive_992_bool=&#8221;0&#8243; custom_responsive_768_bool=&#8221;0&#8243; css_style=&#8221;margin-top:35px&#8221;]<\/p>\n<h3 style=\"text-align: center;\">Xhulia Mulla<\/h3>\n<h5 style=\"text-align: center;\">Oficer Projekti<\/h5>\n<p>[\/cl_text][\/cl_column_inner][\/cl_row_inner][cl_row_inner css_style=&#8221;margin-top:35px&#8221;][cl_column_inner width=&#8221;1\/6&#8243; css_style=&#8221;padding-top:10px|padding-bottom:10px&#8221;][\/cl_column_inner][cl_column_inner width=&#8221;2\/6&#8243; css_style=&#8221;padding-top:10px|padding-bottom:10px&#8221;][cl_text custom_typography=&#8221;0&#8243; custom_responsive_992_bool=&#8221;0&#8243; custom_responsive_768_bool=&#8221;0&#8243; css_style=&#8221;margin-top:35px&#8221;]<\/p>\n<h3 style=\"text-align: center;\">Sokol Berberi<\/h3>\n<h5 style=\"text-align: center;\">Keshilltar \/ Konsulent i jasht\u00ebm<\/h5>\n<p>[\/cl_text][\/cl_column_inner][cl_column_inner width=&#8221;2\/6&#8243; css_style=&#8221;padding-top:10px|padding-bottom:10px&#8221;][cl_text custom_typography=&#8221;0&#8243; custom_responsive_992_bool=&#8221;0&#8243; custom_responsive_768_bool=&#8221;0&#8243; css_style=&#8221;margin-top:35px&#8221;]<\/p>\n<h3 style=\"text-align: center;\"><\/h3>\n<h5 style=\"text-align: center;\"><b>Finance\/Buxheti<\/b><\/h5>\n<p>[\/cl_text][\/cl_column_inner][\/cl_row_inner][\/cl_column][\/cl_row][cl_row columns_gap=&#8221;0&#8243; device_visibility=&#8221;`{`object Object`}`&#8221; css_style=&#8221;padding-top:60px|padding-bottom:55px&#8221;][cl_column device_visibility=&#8221;`{`object Object`}`&#8221; css_style=&#8221;padding-top:20px|padding-bottom:20px&#8221;][cl_custom_heading parallel_divider=&#8221;0&#8243; custom_responsive_992_bool=&#8221;0&#8243; custom_responsive_768_bool=&#8221;0&#8243; css_style=&#8221;margin-top:35px&#8221;]<\/p>\n<p style=\"text-align: center;\">AN\u00cbTAR\u00cb THEMELUES<\/p>\n<p>[\/cl_custom_heading][cl_row_inner css_style=&#8221;margin-top:35px&#8221;][cl_column_inner width=&#8221;1\/3&#8243; css_style=&#8221;padding-top:10px|padding-bottom:10px&#8221;][cl_text custom_typography=&#8221;0&#8243; custom_responsive_992_bool=&#8221;0&#8243; custom_responsive_768_bool=&#8221;0&#8243; css_style=&#8221;margin-top:35px&#8221;]<\/p>\n<h3 style=\"text-align: center;\">Sokol Berberi<\/h3>\n<h5 style=\"text-align: center;\">An\u00ebtar Themelues<\/h5>\n<p>[\/cl_text][cl_text custom_typography=&#8221;0&#8243; custom_responsive_992_bool=&#8221;0&#8243; custom_responsive_768_bool=&#8221;0&#8243; css_style=&#8221;margin-top:35px&#8221;]<\/p>\n<p style=\"text-align: center;\">Ka sh\u00ebrbyer n\u00eb Kuvendin e Shqip\u00ebris\u00eb n\u00eb vitet 1991-1998 n\u00eb pozicionet e K\u00ebshilltarit Ligjor n\u00eb komisionet parlamentare dhe t\u00eb k\u00ebshilltarit t\u00eb Kryesis\u00eb. An\u00ebtar i grupit hartues p\u00ebr Rregulloren e Kuvendit. I ngarkuar nga Kryesia, ka ndjekur n\u00eb m\u00ebnyr\u00eb aktive procesin e hartimit dhe miratimit t\u00eb Kushtetut\u00ebs. Pedagog i Teknik\u00ebs Legjislative n\u00eb Fakultetin e Drejtesis\u00eb. 2000-2007 ka ushtruar detyr\u00ebn e Drejtorit Ekzekutiv t\u00eb Qendr\u00ebs s\u00eb Studimeve Parlamentare; drejtues programesh. 2007-2016, ka ushtruar detyr\u00ebn e an\u00ebtarit t\u00eb Gjykat\u00ebs Kushtetuese t\u00eb Shqip\u00ebris\u00eb. Pedagog n\u00eb Shkoll\u00ebn e Magjistratur\u00ebs.<\/p>\n<p>[\/cl_text][\/cl_column_inner][cl_column_inner width=&#8221;1\/3&#8243; css_style=&#8221;padding-top:10px|padding-bottom:10px&#8221;][cl_text custom_typography=&#8221;0&#8243; custom_responsive_992_bool=&#8221;0&#8243; custom_responsive_768_bool=&#8221;0&#8243; css_style=&#8221;margin-top:35px&#8221;]<\/p>\n<h3 style=\"text-align: center;\">Perikli Polloshi<\/h3>\n<h5 style=\"text-align: center;\">An\u00ebtar Themelues<\/h5>\n<p>[\/cl_text][cl_text custom_typography=&#8221;0&#8243; custom_responsive_992_bool=&#8221;0&#8243; custom_responsive_768_bool=&#8221;0&#8243; css_style=&#8221;margin-top:35px&#8221;]<\/p>\n<p style=\"text-align: center;\">Ka sh\u00ebrbyer n\u00eb Kuvendin e Shqip\u00ebris\u00eb n\u00eb vitet 1991-1994 n\u00eb pozicionet e K\u00ebshilltarit Ligjor dhe Kryek\u00ebshilltarit t\u00eb komisioneve parlamentare. An\u00ebtar i stafit teknik p\u00ebr hartimin e Kushtetutes s\u00eb Shqip\u00ebris\u00eb. 2000-2009, ka ushtruar detyr\u00ebn e an\u00ebtarit t\u00eb Gjykat\u00ebs s\u00eb Lart\u00eb t\u00eb Shqip\u00ebris\u00eb. Pedagog n\u00eb Shkoll\u00ebn e Magjistratur\u00ebs.<\/p>\n<p>[\/cl_text][\/cl_column_inner][cl_column_inner width=&#8221;1\/3&#8243; css_style=&#8221;padding-top:10px|padding-bottom:10px&#8221;][cl_text custom_typography=&#8221;0&#8243; custom_responsive_992_bool=&#8221;0&#8243; custom_responsive_768_bool=&#8221;0&#8243; css_style=&#8221;margin-top:35px&#8221;]<\/p>\n<h3 style=\"text-align: center;\">Leon Shestani<\/h3>\n<h5 style=\"text-align: center;\">An\u00ebtar Themelues<\/h5>\n<p>[\/cl_text][cl_text custom_typography=&#8221;0&#8243; custom_responsive_992_bool=&#8221;0&#8243; custom_responsive_768_bool=&#8221;0&#8243; css_style=&#8221;margin-top:35px&#8221;]<\/p>\n<p style=\"text-align: center;\">Ka sh\u00ebrbyer n\u00eb Kuvendin e Shqip\u00ebris\u00eb n\u00eb vitet 1992-1999 n\u00eb pozicionin e Drejtorit t\u00eb Marr\u00ebdhenieve me Jasht\u00eb, K\u00ebshilltarit p\u00ebr Marr\u00ebdheniet Nd\u00ebrparlamentare dhe sekretarit t\u00eb delegacionit parlamentar shqiptar n\u00eb Asamblen\u00eb Parlamentare t\u00eb KE-s\u00eb dhe t\u00eb OSBE-s\u00eb. Qershor-N\u00ebntor 1999, k\u00ebshilltar p\u00ebr marr\u00ebdheniet me jasht\u00eb dhe protokollin i Kryeministrit. Ekspert i drejt\u00ebsis\u00eb penale p\u00ebr t\u00eb miturit.<\/p>\n<p>[\/cl_text][\/cl_column_inner][\/cl_row_inner][cl_row_inner css_style=&#8221;margin-top:35px&#8221;][cl_column_inner width=&#8221;1\/6&#8243; css_style=&#8221;padding-top:10px|padding-bottom:10px&#8221;][\/cl_column_inner][cl_column_inner width=&#8221;2\/6&#8243; css_style=&#8221;padding-top:10px|padding-bottom:10px&#8221;][cl_text custom_typography=&#8221;0&#8243; custom_responsive_992_bool=&#8221;0&#8243; custom_responsive_768_bool=&#8221;0&#8243; css_style=&#8221;margin-top:35px&#8221;]<\/p>\n<h3 style=\"text-align: center;\">Filip Lako<\/h3>\n<h5 style=\"text-align: center;\">An\u00ebtar Themelues<\/h5>\n<p>[\/cl_text][cl_text custom_typography=&#8221;0&#8243; custom_responsive_992_bool=&#8221;0&#8243; custom_responsive_768_bool=&#8221;0&#8243; css_style=&#8221;margin-top:35px&#8221;]<\/p>\n<p style=\"text-align: center;\">Ka sh\u00ebrbyer n\u00eb Kuvendin e Shqip\u00ebris\u00eb n\u00eb vitet 1986-1998 n\u00eb pozicionet K\u00ebshilltar i komisioneve parlamentare; Kryek\u00ebshilltar; k\u00ebshilltar i Kryesis\u00eb. Esht\u00eb specialist n\u00eb hartimin dhe procesin legjislativ.<\/p>\n<p>[\/cl_text][\/cl_column_inner][cl_column_inner width=&#8221;2\/6&#8243; css_style=&#8221;padding-top:10px|padding-bottom:10px&#8221;][cl_text custom_typography=&#8221;0&#8243; custom_responsive_992_bool=&#8221;0&#8243; custom_responsive_768_bool=&#8221;0&#8243; css_style=&#8221;margin-top:35px&#8221;]<\/p>\n<h3 style=\"text-align: center;\">Karmen Qineti<\/h3>\n<h5 style=\"text-align: center;\">An\u00ebtar Themelues<\/h5>\n<p>[\/cl_text][cl_text custom_typography=&#8221;0&#8243; custom_responsive_992_bool=&#8221;0&#8243; custom_responsive_768_bool=&#8221;0&#8243; css_style=&#8221;margin-top:35px&#8221;]<\/p>\n<p style=\"text-align: center;\">Ka sh\u00ebrbyer n\u00eb Kuvendin e Shqip\u00ebris\u00eb n\u00eb vitet 1992-1997 n\u00eb pozicionet e K\u00ebshilltarit Ligjor pran\u00eb komisioneve dhe k\u00ebshilltarit t\u00eb Kryesis\u00eb. 1997-1999, drejtoresh\u00eb e Shkoll\u00ebs s\u00eb Magjistratur\u00ebs.<\/p>\n<p>[\/cl_text][\/cl_column_inner][\/cl_row_inner][\/cl_column][\/cl_row]<\/p>\n","protected":false},"excerpt":{"rendered":"<p>[cl_row columns_gap=&#8221;0&#8243; device_visibility=&#8221;`{`object Object`}`&#8221; css_style=&#8221;padding-top:60px|padding-bottom:55px&#8221;][cl_column device_visibility=&#8221;`{`object Object`}`&#8221; css_style=&#8221;padding-top:20px|padding-bottom:20px&#8221;][cl_custom_heading parallel_divider=&#8221;0&#8243; custom_responsive_992_bool=&#8221;0&#8243; custom_responsive_768_bool=&#8221;0&#8243; css_style=&#8221;margin-top:35px&#8221;] Stafi [\/cl_custom_heading][cl_row_inner css_style=&#8221;margin-top:35px&#8221;][cl_column_inner width=&#8221;1\/3&#8243; css_style=&#8221;padding-top:10px|padding-bottom:10px&#8221;][cl_text custom_typography=&#8221;0&#8243; custom_responsive_992_bool=&#8221;0&#8243; custom_responsive_768_bool=&#8221;0&#8243; css_style=&#8221;margin-top:35px&#8221;] Drejtor Ekzekutiv [\/cl_text][\/cl_column_inner][cl_column_inner width=&#8221;1\/3&#8243; css_style=&#8221;padding-top:10px|padding-bottom:10px&#8221;][cl_text custom_typography=&#8221;0&#8243; custom_responsive_992_bool=&#8221;0&#8243; custom_responsive_768_bool=&#8221;0&#8243; css_style=&#8221;margin-top:35px&#8221;] Olta Aliaj Menaxher Programi\/Projekti [\/cl_text][\/cl_column_inner][cl_column_inner [&hellip;]<\/p>\n","protected":false},"author":1,"featured_media":0,"parent":0,"menu_order":0,"comment_status":"closed","ping_status":"closed","template":"","meta":{"footnotes":""},"class_list":["post-326","page","type-page","status-publish","hentry"],"_links":{"self":[{"href":"https:\/\/ascpdp.com\/index.php?rest_route=\/wp\/v2\/pages\/326","targetHints":{"allow":["GET"]}}],"collection":[{"href":"https:\/\/ascpdp.com\/index.php?rest_route=\/wp\/v2\/pages"}],"about":[{"href":"https:\/\/ascpdp.com\/index.php?rest_route=\/wp\/v2\/types\/page"}],"author":[{"embeddable":true,"href":"https:\/\/ascpdp.com\/index.php?rest_route=\/wp\/v2\/users\/1"}],"replies":[{"embeddable":true,"href":"https:\/\/ascpdp.com\/index.php?rest_route=%2Fwp%2Fv2%2Fcomments&post=326"}],"version-history":[{"count":24,"href":"https:\/\/ascpdp.com\/index.php?rest_route=\/wp\/v2\/pages\/326\/revisions"}],"predecessor-version":[{"id":1600,"href":"https:\/\/ascpdp.com\/index.php?rest_route=\/wp\/v2\/pages\/326\/revisions\/1600"}],"wp:attachment":[{"href":"https:\/\/ascpdp.com\/index.php?rest_route=%2Fwp%2Fv2%2Fmedia&parent=326"}],"curies":[{"name":"wp","href":"https:\/\/api.w.org\/{rel}","templated":true}]}}