{"id":1495,"date":"2021-01-11T18:01:27","date_gmt":"2021-01-11T18:01:27","guid":{"rendered":"http:\/\/ascpdp.com\/?page_id=1495"},"modified":"2021-01-15T11:51:14","modified_gmt":"2021-01-15T11:51:14","slug":"buletine-informative","status":"publish","type":"page","link":"https:\/\/ascpdp.com\/?page_id=1495","title":{"rendered":"Buletine Informative"},"content":{"rendered":"<p>[cl_row device_visibility=&#8221;`{`object Object`}`&#8221; css_style=&#8221;padding-top:25px|padding-bottom:25px&#8221;][cl_column device_visibility=&#8221;`{`object Object`}`&#8221; css_style=&#8221;padding-top:20px|padding-bottom:20px&#8221;][cl_text custom_typography=&#8221;0&#8243; custom_responsive_992_bool=&#8221;0&#8243; custom_responsive_768_bool=&#8221;0&#8243; css_style=&#8221;margin-top:35px&#8221;]<strong>Rritja e Pjes\u00ebmarrjes s\u00eb Publikut n\u00eb Procesin Legjislativ<\/strong>[\/cl_text][cl_row_inner css_style=&#8221;margin-top:35px&#8221;][cl_column_inner width=&#8221;1\/4&#8243; css_style=&#8221;padding-top:10px|padding-bottom:10px&#8221;][cl_text custom_typography=&#8221;0&#8243; custom_responsive_992_bool=&#8221;0&#8243; custom_responsive_768_bool=&#8221;0&#8243; css_style=&#8221;margin-top:35px&#8221;]<\/p>\n<ul>\n<li><a href=\"http:\/\/ascpdp.com\/wp-content\/uploads\/2021\/01\/buletin1.pdf\">Buletin 1<\/a><\/li>\n<li><a href=\"http:\/\/ascpdp.com\/wp-content\/uploads\/2021\/01\/buletin2.pdf\">Buletin 2<\/a><\/li>\n<li><a href=\"http:\/\/ascpdp.com\/wp-content\/uploads\/2021\/01\/buletin3.pdf\">Buletin 3<\/a><\/li>\n<li><a href=\"http:\/\/ascpdp.com\/wp-content\/uploads\/2021\/01\/buletin4.pdf\">Buletin 4<\/a><\/li>\n<li><a href=\"http:\/\/ascpdp.com\/wp-content\/uploads\/2021\/01\/buletin5.pdf\">Buletin 5<\/a><\/li>\n<li><a href=\"http:\/\/ascpdp.com\/wp-content\/uploads\/2021\/01\/buletin6.pdf\">Buletin 6<\/a><\/li>\n<li><a href=\"http:\/\/ascpdp.com\/wp-content\/uploads\/2021\/01\/buletin7.pdf\">Buletin 7<\/a><\/li>\n<li><a href=\"http:\/\/ascpdp.com\/wp-content\/uploads\/2021\/01\/buletin8.pdf\">Buletin 8<\/a><\/li>\n<li><a href=\"http:\/\/ascpdp.com\/wp-content\/uploads\/2021\/01\/buletin9.pdf\">Buletin 9<\/a><\/li>\n<\/ul>\n<p>[\/cl_text][\/cl_column_inner][cl_column_inner width=&#8221;1\/4&#8243; css_style=&#8221;padding-top:10px|padding-bottom:10px&#8221;][cl_text custom_typography=&#8221;0&#8243; custom_responsive_992_bool=&#8221;0&#8243; custom_responsive_768_bool=&#8221;0&#8243; css_style=&#8221;margin-top:35px&#8221;]<\/p>\n<ul>\n<li><a href=\"http:\/\/ascpdp.com\/wp-content\/uploads\/2021\/01\/buletin10.pdf\">Buletin 10<\/a><\/li>\n<li><a href=\"http:\/\/ascpdp.com\/wp-content\/uploads\/2021\/01\/buletin11.pdf\">Buletin 11<\/a><\/li>\n<li><a href=\"http:\/\/ascpdp.com\/wp-content\/uploads\/2021\/01\/buletin12.pdf\">Buletin 12<\/a><\/li>\n<li><a href=\"http:\/\/ascpdp.com\/wp-content\/uploads\/2021\/01\/buletin13.pdf\">Buletin 13<\/a><\/li>\n<li><a href=\"http:\/\/ascpdp.com\/wp-content\/uploads\/2021\/01\/buletin14.pdf\">Buletin 14<\/a><\/li>\n<li><a href=\"http:\/\/ascpdp.com\/wp-content\/uploads\/2021\/01\/buletin15.pdf\">Buletin 15<\/a><\/li>\n<li><a href=\"http:\/\/ascpdp.com\/wp-content\/uploads\/2021\/01\/buletin16.pdf\">Buletin 16<\/a><\/li>\n<li><a href=\"http:\/\/ascpdp.com\/wp-content\/uploads\/2021\/01\/buletin17.pdf\">Buletin 17<\/a><\/li>\n<li><a href=\"http:\/\/ascpdp.com\/wp-content\/uploads\/2021\/01\/buletin18.pdf\">Buletin 18<\/a><\/li>\n<\/ul>\n<p>[\/cl_text][\/cl_column_inner][cl_column_inner width=&#8221;1\/4&#8243; css_style=&#8221;padding-top:10px|padding-bottom:10px&#8221;][cl_text custom_typography=&#8221;0&#8243; custom_responsive_992_bool=&#8221;0&#8243; custom_responsive_768_bool=&#8221;0&#8243; css_style=&#8221;margin-top:35px&#8221;]<\/p>\n<ul>\n<li><a href=\"http:\/\/ascpdp.com\/wp-content\/uploads\/2021\/01\/buletin19.pdf\">Buletin 19<\/a><\/li>\n<li><a href=\"http:\/\/ascpdp.com\/wp-content\/uploads\/2021\/01\/buletin20.pdf\">Buletin 20<\/a><\/li>\n<li><a href=\"http:\/\/ascpdp.com\/wp-content\/uploads\/2021\/01\/buletin21.pdf\">Buletin 21<\/a><\/li>\n<li><a href=\"http:\/\/ascpdp.com\/wp-content\/uploads\/2021\/01\/buletin22.pdf\">buletin 22<\/a><\/li>\n<li><a href=\"http:\/\/ascpdp.com\/wp-content\/uploads\/2021\/01\/buletin23.pdf\">buletin 23<\/a><\/li>\n<li><a href=\"http:\/\/ascpdp.com\/wp-content\/uploads\/2021\/01\/buletin24.pdf\">buletin 24<\/a><\/li>\n<li><a href=\"http:\/\/ascpdp.com\/wp-content\/uploads\/2021\/01\/buletin25.pdf\">buletin 25<\/a><\/li>\n<li><a href=\"http:\/\/ascpdp.com\/wp-content\/uploads\/2021\/01\/buletin26.pdf\">buletin 26<\/a><\/li>\n<li><a href=\"http:\/\/ascpdp.com\/wp-content\/uploads\/2021\/01\/buletin27.pdf\">buletin 27<\/a><\/li>\n<\/ul>\n<p>[\/cl_text][\/cl_column_inner][cl_column_inner width=&#8221;1\/4&#8243; css_style=&#8221;padding-top:10px|padding-bottom:10px&#8221;][cl_text custom_typography=&#8221;0&#8243; custom_responsive_992_bool=&#8221;0&#8243; custom_responsive_768_bool=&#8221;0&#8243; css_style=&#8221;margin-top:35px&#8221;]<\/p>\n<ul>\n<li><a href=\"http:\/\/ascpdp.com\/wp-content\/uploads\/2021\/01\/buletin27.pdf\">Buletin 27<\/a><\/li>\n<li><a href=\"http:\/\/ascpdp.com\/wp-content\/uploads\/2021\/01\/buletin28.pdf\">Buletin 28<\/a><\/li>\n<li><a href=\"http:\/\/ascpdp.com\/wp-content\/uploads\/2021\/01\/buletin30.pdf\">Buletin 30<\/a><\/li>\n<li><a href=\"http:\/\/ascpdp.com\/wp-content\/uploads\/2021\/01\/buletin31.pdf\">Buletin 31<\/a><\/li>\n<li><a href=\"http:\/\/ascpdp.com\/wp-content\/uploads\/2021\/01\/buletin32.pdf\">Buletin 32<\/a><\/li>\n<li><a href=\"http:\/\/ascpdp.com\/wp-content\/uploads\/2021\/01\/buletin33.pdf\">Buletin 33<\/a><\/li>\n<li><a href=\"http:\/\/ascpdp.com\/wp-content\/uploads\/2021\/01\/buletin34.pdf\">Buletin 34<\/a><\/li>\n<li><a href=\"http:\/\/ascpdp.com\/wp-content\/uploads\/2021\/01\/buletin35.pdf\">Buletin 35<\/a><\/li>\n<li><a href=\"http:\/\/ascpdp.com\/wp-content\/uploads\/2021\/01\/buletin36.pdf\">Buletin 36<\/a><\/li>\n<\/ul>\n<p>[\/cl_text][\/cl_column_inner][\/cl_row_inner][cl_text custom_typography=&#8221;0&#8243; custom_responsive_992_bool=&#8221;0&#8243; custom_responsive_768_bool=&#8221;0&#8243; css_style=&#8221;margin-top:35px&#8221;]<strong>Transparenca dhe Pjes\u00ebmarrja n\u00eb Veprimtarit\u00eb Legjislative<\/strong>[\/cl_text][cl_row_inner css_style=&#8221;margin-top:35px&#8221;][cl_column_inner width=&#8221;1\/4&#8243; css_style=&#8221;padding-top:10px|padding-bottom:10px&#8221;][cl_text custom_typography=&#8221;0&#8243; custom_responsive_992_bool=&#8221;0&#8243; custom_responsive_768_bool=&#8221;0&#8243; css_style=&#8221;margin-top:35px&#8221;]<\/p>\n<ul>\n<li><a href=\"http:\/\/ascpdp.com\/wp-content\/uploads\/2021\/01\/Buletini1.pdf\">Buletini 1<\/a><\/li>\n<li><a href=\"http:\/\/ascpdp.com\/wp-content\/uploads\/2021\/01\/Buletini2.pdf\">Buletini 2<\/a><\/li>\n<li><a href=\"http:\/\/ascpdp.com\/wp-content\/uploads\/2021\/01\/Buletini3.pdf\">Buletini 3<\/a><\/li>\n<\/ul>\n<p>[\/cl_text][\/cl_column_inner][cl_column_inner width=&#8221;1\/4&#8243; css_style=&#8221;padding-top:10px|padding-bottom:10px&#8221;][cl_text custom_typography=&#8221;0&#8243; custom_responsive_992_bool=&#8221;0&#8243; custom_responsive_768_bool=&#8221;0&#8243; css_style=&#8221;margin-top:35px&#8221;]<\/p>\n<ul>\n<li><a href=\"http:\/\/ascpdp.com\/wp-content\/uploads\/2021\/01\/Buletini4.pdf\">Buletini 4<\/a><\/li>\n<li><a href=\"http:\/\/ascpdp.com\/wp-content\/uploads\/2021\/01\/Buletini5.pdf\">Buletini 5<\/a><\/li>\n<li><a href=\"http:\/\/ascpdp.com\/wp-content\/uploads\/2021\/01\/Buletini6.pdf\">Buletini 6<\/a><\/li>\n<\/ul>\n<p>[\/cl_text][\/cl_column_inner][cl_column_inner width=&#8221;1\/4&#8243; css_style=&#8221;padding-top:10px|padding-bottom:10px&#8221;][cl_text custom_typography=&#8221;0&#8243; custom_responsive_992_bool=&#8221;0&#8243; custom_responsive_768_bool=&#8221;0&#8243; css_style=&#8221;margin-top:35px&#8221;]<\/p>\n<ul>\n<li><a href=\"http:\/\/ascpdp.com\/wp-content\/uploads\/2021\/01\/Buletini7.pdf\">Buletini 7<\/a><\/li>\n<li><a href=\"http:\/\/ascpdp.com\/wp-content\/uploads\/2021\/01\/Buletini8.pdf\">Buletini 8<\/a><\/li>\n<li><a href=\"http:\/\/ascpdp.com\/wp-content\/uploads\/2021\/01\/Buletini9.pdf\">Buletini 9<\/a><\/li>\n<\/ul>\n<p>[\/cl_text][\/cl_column_inner][cl_column_inner width=&#8221;1\/4&#8243; css_style=&#8221;padding-top:10px|padding-bottom:10px&#8221;][cl_text custom_typography=&#8221;0&#8243; custom_responsive_992_bool=&#8221;0&#8243; custom_responsive_768_bool=&#8221;0&#8243; css_style=&#8221;margin-top:35px&#8221;]<\/p>\n<ul>\n<li><a href=\"http:\/\/ascpdp.com\/wp-content\/uploads\/2021\/01\/Buletini10.pdf\">Buletini 10<\/a><\/li>\n<\/ul>\n<p>[\/cl_text][\/cl_column_inner][\/cl_row_inner][\/cl_column][\/cl_row]<\/p>\n","protected":false},"excerpt":{"rendered":"<p>[cl_row device_visibility=&#8221;`{`object Object`}`&#8221; css_style=&#8221;padding-top:25px|padding-bottom:25px&#8221;][cl_column device_visibility=&#8221;`{`object Object`}`&#8221; css_style=&#8221;padding-top:20px|padding-bottom:20px&#8221;][cl_text custom_typography=&#8221;0&#8243; custom_responsive_992_bool=&#8221;0&#8243; custom_responsive_768_bool=&#8221;0&#8243; css_style=&#8221;margin-top:35px&#8221;]Rritja e Pjes\u00ebmarrjes s\u00eb Publikut n\u00eb Procesin Legjislativ[\/cl_text][cl_row_inner css_style=&#8221;margin-top:35px&#8221;][cl_column_inner width=&#8221;1\/4&#8243; css_style=&#8221;padding-top:10px|padding-bottom:10px&#8221;][cl_text custom_typography=&#8221;0&#8243; custom_responsive_992_bool=&#8221;0&#8243; custom_responsive_768_bool=&#8221;0&#8243; css_style=&#8221;margin-top:35px&#8221;] Buletin 1 Buletin 2 Buletin 3 Buletin 4 Buletin 5 [&hellip;]<\/p>\n","protected":false},"author":1,"featured_media":0,"parent":0,"menu_order":0,"comment_status":"closed","ping_status":"closed","template":"","meta":{"footnotes":""},"class_list":["post-1495","page","type-page","status-publish","hentry"],"_links":{"self":[{"href":"https:\/\/ascpdp.com\/index.php?rest_route=\/wp\/v2\/pages\/1495","targetHints":{"allow":["GET"]}}],"collection":[{"href":"https:\/\/ascpdp.com\/index.php?rest_route=\/wp\/v2\/pages"}],"about":[{"href":"https:\/\/ascpdp.com\/index.php?rest_route=\/wp\/v2\/types\/page"}],"author":[{"embeddable":true,"href":"https:\/\/ascpdp.com\/index.php?rest_route=\/wp\/v2\/users\/1"}],"replies":[{"embeddable":true,"href":"https:\/\/ascpdp.com\/index.php?rest_route=%2Fwp%2Fv2%2Fcomments&post=1495"}],"version-history":[{"count":4,"href":"https:\/\/ascpdp.com\/index.php?rest_route=\/wp\/v2\/pages\/1495\/revisions"}],"predecessor-version":[{"id":1557,"href":"https:\/\/ascpdp.com\/index.php?rest_route=\/wp\/v2\/pages\/1495\/revisions\/1557"}],"wp:attachment":[{"href":"https:\/\/ascpdp.com\/index.php?rest_route=%2Fwp%2Fv2%2Fmedia&parent=1495"}],"curies":[{"name":"wp","href":"https:\/\/api.w.org\/{rel}","templated":true}]}}