{"id":1432,"date":"2021-01-11T17:39:06","date_gmt":"2021-01-11T17:39:06","guid":{"rendered":"http:\/\/ascpdp.com\/?page_id=1432"},"modified":"2021-01-11T17:39:06","modified_gmt":"2021-01-11T17:39:06","slug":"publikime","status":"publish","type":"page","link":"https:\/\/ascpdp.com\/?page_id=1432","title":{"rendered":"Publikime"},"content":{"rendered":"<p>[cl_row device_visibility=&#8221;`{`object Object`}`&#8221; css_style=&#8221;padding-top:25px|padding-bottom:25px&#8221;][cl_column device_visibility=&#8221;`{`object Object`}`&#8221; css_style=&#8221;padding-top:20px|padding-bottom:20px&#8221;][cl_text custom_typography=&#8221;0&#8243; custom_responsive_992_bool=&#8221;0&#8243; custom_responsive_768_bool=&#8221;0&#8243; css_style=&#8221;margin-top:35px&#8221;]<\/p>\n<h4><strong>Revista &#8220;E Drejta Parlamentare dhe Politikat Ligjore&#8221; <\/strong><\/h4>\n<p>[\/cl_text][\/cl_column][\/cl_row][cl_row device_visibility=&#8221;`{`object Object`}`&#8221; css_style=&#8221;padding-top:25px|padding-bottom:25px&#8221;][cl_column width=&#8221;1\/4&#8243; device_visibility=&#8221;`{`object Object`}`&#8221; css_style=&#8221;padding-top:20px|padding-bottom:20px&#8221;][cl_text custom_typography=&#8221;0&#8243; custom_responsive_992_bool=&#8221;0&#8243; custom_responsive_768_bool=&#8221;0&#8243; css_style=&#8221;margin-top:35px&#8221;]<\/p>\n<ul>\n<li><a href=\"http:\/\/ascpdp.com\/wp-content\/uploads\/2021\/01\/revista1-1.pdf\">Revista 1<\/a><\/li>\n<li><a href=\"http:\/\/ascpdp.com\/wp-content\/uploads\/2021\/01\/revista2-1.pdf\">Revista 2<\/a><\/li>\n<li><a href=\"http:\/\/ascpdp.com\/wp-content\/uploads\/2021\/01\/revista3-1.pdf\">Revista 3<\/a><\/li>\n<li><a href=\"http:\/\/ascpdp.com\/wp-content\/uploads\/2021\/01\/revista4-1.pdf\">Revista 4<\/a><\/li>\n<li><a href=\"http:\/\/ascpdp.com\/wp-content\/uploads\/2021\/01\/revista5-1.pdf\">Revista 5<\/a><\/li>\n<li><a href=\"http:\/\/ascpdp.com\/wp-content\/uploads\/2021\/01\/revista6.pdf\">Revista 6<\/a><\/li>\n<li><a href=\"http:\/\/ascpdp.com\/wp-content\/uploads\/2021\/01\/revista7.pdf\">Revista 7<\/a><\/li>\n<li><a href=\"http:\/\/ascpdp.com\/wp-content\/uploads\/2021\/01\/revista8.pdf\">Revista 8<\/a><\/li>\n<li><a href=\"http:\/\/ascpdp.com\/wp-content\/uploads\/2021\/01\/revista9.pdf\">Revista 9<\/a><\/li>\n<li><a href=\"http:\/\/ascpdp.com\/wp-content\/uploads\/2021\/01\/revista10.pdf\">Revista 10<\/a><\/li>\n<li><a href=\"http:\/\/ascpdp.com\/wp-content\/uploads\/2021\/01\/revista11.pdf\">Revista 11<\/a><\/li>\n<li><a href=\"http:\/\/ascpdp.com\/wp-content\/uploads\/2021\/01\/revista12.pdf\">Revista 12<\/a><\/li>\n<\/ul>\n<p>[\/cl_text][\/cl_column][cl_column width=&#8221;1\/4&#8243; device_visibility=&#8221;`{`object Object`}`&#8221; css_style=&#8221;padding-top:20px|padding-bottom:20px&#8221;][cl_text custom_typography=&#8221;0&#8243; custom_responsive_992_bool=&#8221;0&#8243; custom_responsive_768_bool=&#8221;0&#8243; css_style=&#8221;margin-top:m|margin-bottom:m|margin-left:m|margin-right:m|padding-top:m|padding-bottom:m|padding-left:m|padding-right:m|border-top-width:m|border-bottom-width:m|border-left-width:m|border-right-width:m&#8221;]<\/p>\n<ul>\n<li><a href=\"http:\/\/ascpdp.com\/wp-content\/uploads\/2021\/01\/revista13.pdf\">Revista 13<\/a><\/li>\n<li><a href=\"http:\/\/ascpdp.com\/wp-content\/uploads\/2021\/01\/revista14.pdf\">Revista 14<\/a><\/li>\n<li><a href=\"http:\/\/ascpdp.com\/wp-content\/uploads\/2021\/01\/revista15.pdf\">Revista 15<\/a><\/li>\n<li><a href=\"http:\/\/ascpdp.com\/wp-content\/uploads\/2021\/01\/revista16.pdf\">Revista 16<\/a><\/li>\n<li><a href=\"http:\/\/ascpdp.com\/wp-content\/uploads\/2021\/01\/revista17.pdf\">Revista 17<\/a><\/li>\n<li><a href=\"http:\/\/ascpdp.com\/wp-content\/uploads\/2021\/01\/revista18.pdf\">Revista 18<\/a><\/li>\n<li><a href=\"http:\/\/ascpdp.com\/wp-content\/uploads\/2021\/01\/revista20.pdf\">Revista 20<\/a><\/li>\n<li><a href=\"http:\/\/ascpdp.com\/wp-content\/uploads\/2021\/01\/revista22.pdf\">Revista 22<\/a><\/li>\n<li><a href=\"http:\/\/ascpdp.com\/wp-content\/uploads\/2021\/01\/revista23.pdf\">Revista 23<\/a><\/li>\n<li><a href=\"http:\/\/ascpdp.com\/wp-content\/uploads\/2021\/01\/revista25.pdf\">Revista 25<\/a><\/li>\n<li><a href=\"http:\/\/ascpdp.com\/wp-content\/uploads\/2021\/01\/revista26.pdf\">Revista 26<\/a><\/li>\n<li><a href=\"http:\/\/ascpdp.com\/wp-content\/uploads\/2021\/01\/revista27.pdf\">Revista 27<\/a><\/li>\n<\/ul>\n<p>[\/cl_text][\/cl_column][cl_column width=&#8221;1\/4&#8243; device_visibility=&#8221;`{`object Object`}`&#8221; css_style=&#8221;padding-top:20px|padding-bottom:20px&#8221;][cl_text custom_typography=&#8221;0&#8243; custom_responsive_992_bool=&#8221;0&#8243; custom_responsive_768_bool=&#8221;0&#8243; css_style=&#8221;margin-top:m|margin-bottom:m|margin-left:m|margin-right:m|padding-top:m|padding-bottom:m|padding-left:m|padding-right:m|border-top-width:m|border-bottom-width:m|border-left-width:m|border-right-width:m&#8221;]<\/p>\n<ul>\n<li><a href=\"http:\/\/ascpdp.com\/wp-content\/uploads\/2021\/01\/revista28.pdf\">Revista 28<\/a><\/li>\n<li><a href=\"http:\/\/ascpdp.com\/wp-content\/uploads\/2021\/01\/revista29.pdf\">Revista 29<\/a><\/li>\n<li><a href=\"http:\/\/ascpdp.com\/wp-content\/uploads\/2021\/01\/revista30.pdf\">Revista 30<\/a><\/li>\n<li><a href=\"http:\/\/ascpdp.com\/wp-content\/uploads\/2021\/01\/revista31.pdf\">Revista 31<\/a><\/li>\n<li><a href=\"http:\/\/ascpdp.com\/wp-content\/uploads\/2021\/01\/revista32.pdf\">Revista 32<\/a><\/li>\n<li><a href=\"http:\/\/ascpdp.com\/wp-content\/uploads\/2021\/01\/revista33.pdf\">Revista 33<\/a><\/li>\n<li><a href=\"http:\/\/ascpdp.com\/wp-content\/uploads\/2021\/01\/revista34.pdf\">Revista 34<\/a><\/li>\n<li><a href=\"http:\/\/ascpdp.com\/wp-content\/uploads\/2021\/01\/revista35.pdf\">Revista 35<\/a><\/li>\n<li><a href=\"http:\/\/ascpdp.com\/wp-content\/uploads\/2021\/01\/revista36.pdf\">Revista 36<\/a><\/li>\n<li><a href=\"http:\/\/ascpdp.com\/wp-content\/uploads\/2021\/01\/revista37.pdf\">Revista 37<\/a><\/li>\n<li><a href=\"http:\/\/ascpdp.com\/wp-content\/uploads\/2021\/01\/revista38.pdf\">Revista 38<\/a><\/li>\n<li><a href=\"http:\/\/ascpdp.com\/wp-content\/uploads\/2021\/01\/revista39.pdf\">Revista 39<\/a><\/li>\n<\/ul>\n<p>[\/cl_text][\/cl_column][cl_column width=&#8221;1\/4&#8243; device_visibility=&#8221;`{`object Object`}`&#8221; css_style=&#8221;padding-top:20px|padding-bottom:20px&#8221;][cl_text custom_typography=&#8221;0&#8243; custom_responsive_992_bool=&#8221;0&#8243; custom_responsive_768_bool=&#8221;0&#8243; css_style=&#8221;margin-top:35px&#8221;]<\/p>\n<ul>\n<li><a href=\"http:\/\/ascpdp.com\/wp-content\/uploads\/2021\/01\/revista40.pdf\">Revista 40<\/a><\/li>\n<li><a href=\"http:\/\/ascpdp.com\/wp-content\/uploads\/2021\/01\/revista41.pdf\">Revista 41<\/a><\/li>\n<li><a href=\"http:\/\/ascpdp.com\/wp-content\/uploads\/2021\/01\/revista42.pdf\">Revista 42<\/a><\/li>\n<li><a href=\"http:\/\/ascpdp.com\/wp-content\/uploads\/2021\/01\/Revista-43.pdf\">Revista 43<\/a><\/li>\n<li><a href=\"http:\/\/ascpdp.com\/wp-content\/uploads\/2021\/01\/Revista-44.pdf\">Revista 44<\/a><\/li>\n<li><a href=\"http:\/\/ascpdp.com\/wp-content\/uploads\/2021\/01\/Revista-45.pdf\">Revista 45<\/a><\/li>\n<\/ul>\n<p>[\/cl_text][\/cl_column][\/cl_row][cl_row device_visibility=&#8221;`{`object Object`}`&#8221; css_style=&#8221;padding-top:25px|padding-bottom:25px&#8221;][cl_column device_visibility=&#8221;`{`object Object`}`&#8221; css_style=&#8221;padding-top:20px|padding-bottom:20px&#8221;][cl_text custom_typography=&#8221;0&#8243; custom_responsive_992_bool=&#8221;0&#8243; custom_responsive_768_bool=&#8221;0&#8243; css_style=&#8221;margin-top:35px&#8221;]<\/p>\n<h4><strong>Publikime, Raporte dhe Rakomandime t\u00eb Qendr\u00ebs s\u00eb Studimeve Parlamentare<\/strong><\/h4>\n<p>[\/cl_text][cl_text custom_typography=&#8221;0&#8243; custom_responsive_992_bool=&#8221;0&#8243; custom_responsive_768_bool=&#8221;0&#8243; css_style=&#8221;margin-top:35px&#8221;]<\/p>\n<ul>\n<li><a href=\"http:\/\/ascpdp.com\/wp-content\/uploads\/2021\/01\/buletini_1.pdf\">Rritja e rolit t\u00eb Parlamentit n\u00eb procesin e integrimit p\u00ebrmes pjes\u00ebmarrjes legjislative dhe transparenc\u00ebs (01)<\/a><\/li>\n<li><a href=\"http:\/\/ascpdp.com\/wp-content\/uploads\/2021\/01\/buletini_2.pdf\">Rritja e rolit t\u00eb Parlamentit n\u00eb procesin e integrimit p\u00ebrmes pjes\u00ebmarrjes legjislative dhe transparenc\u00ebs (02)<\/a><\/li>\n<li><a href=\"http:\/\/ascpdp.com\/wp-content\/uploads\/2021\/01\/buletini_3.pdf\">Rritja e rolit t\u00eb Parlamentit n\u00eb procesin e integrimit p\u00ebrmes pjes\u00ebmarrjes legjislative dhe transparenc\u00ebs (03)<\/a><\/li>\n<li><a href=\"http:\/\/ascpdp.com\/wp-content\/uploads\/2021\/01\/e-drejta-e-peticionit-ne-shqiperi.pdf\">Raport mbi zbatimin e s\u00eb drejt\u00ebs s\u00eb peticionit n\u00eb Shqip\u00ebri <\/a><\/li>\n<li><a href=\"http:\/\/ascpdp.com\/wp-content\/uploads\/2021\/01\/gjykata_kushtetuese.pdf\">R\u00ebnd\u00ebsia e Ekzekutimit t\u00eb Vendimeve t\u00eb Gjykat\u00ebs Kushtetuese<\/a><\/li>\n<li><a href=\"http:\/\/ascpdp.com\/wp-content\/uploads\/2021\/01\/Procedimi_i_gjyqtareve.pdf\">Procesi i Ankimimit ndaj Gjyqtar\u00ebve n\u00eb Republik\u00ebn e Shqip\u00ebris\u00eb<\/a><\/li>\n<li><a href=\"http:\/\/ascpdp.com\/wp-content\/uploads\/2021\/01\/Raport_Rezultatet_Monitorimit.pdf\">Raport Rezultatet e Monitorimit <\/a><\/li>\n<li><a href=\"http:\/\/ascpdp.com\/wp-content\/uploads\/2021\/01\/raporti-final_zgjedhjet.pdf\">Raport mbi monitorimin e financimeve te subjekteve zgjedhore ne zgjedhjet e pergjithshme te qershor 2009<\/a><\/li>\n<li><a href=\"http:\/\/ascpdp.com\/wp-content\/uploads\/2021\/01\/raporti.pdf\">Raport monitorimi zbatimi i ligjit \u201cper t\u00eb drejt\u00ebn e informimit mbi dokumentat zyrtare\u201d n\u00eb disa institucione t\u00eb administrat\u00ebs publike<\/a><\/li>\n<li><a href=\"http:\/\/ascpdp.com\/wp-content\/uploads\/2021\/01\/raporti_botimi_2011.pdf\">Pjes\u00ebmarrja e publikut n\u00eb ligjb\u00ebrje; procesi i vendimmarrjes n\u00eb Kuvend dhe pjes\u00ebmarrja e publikut n\u00eb t\u00eb<\/a><\/li>\n<li><a href=\"http:\/\/ascpdp.com\/wp-content\/uploads\/2021\/01\/Raporti_mbi_konfliktin_e_interesit_dhe_Kodin_e_Sjelljes.pdf\">Raporti mbi konfliktin e interesit dhe Kodin e Sjelljes<\/a><\/li>\n<li><a href=\"http:\/\/ascpdp.com\/wp-content\/uploads\/2021\/01\/Rekomandime.pdf\">Rekomandime<\/a><\/li>\n<li><a href=\"http:\/\/ascpdp.com\/wp-content\/uploads\/2021\/01\/Rregulla_dhe_rekomandime_per_hartimin_e_akteve_Normative.pdf\">Rregulla dhe rekomandime p\u00ebr hartimin e akteve normative<\/a><\/li>\n<li><a href=\"http:\/\/ascpdp.com\/wp-content\/uploads\/2021\/01\/Transparenca_dhe_pjesemarrja_e_publikut.pdf\">Transparenca dhe pjesemarrja e publikut<\/a><\/li>\n<li><a href=\"http:\/\/ascpdp.com\/wp-content\/uploads\/2021\/01\/transparenca_dhe_pjesemarrja_ne_ligjberje.pdf\">Pjes\u00ebmarrja e publikut n\u00eb ligjb\u00ebrje: procesi i vendimmarrjes n\u00eb Kuvend dhe pjes\u00ebmarrja e publikut n\u00eb t\u00eb n\u00eb Republik\u00ebn e Shqip\u00ebris\u00eb Analiz\u00eb krahasuese ligjore mbi k\u00ebt\u00eb rregullim Rezultatet e monitorimit t\u00eb kryer n\u00eb Kuvendin e Shqip\u00ebris\u00eb<\/a><\/li>\n<li><a href=\"http:\/\/ascpdp.com\/wp-content\/uploads\/2021\/01\/versioni_perfundimtar_botimi_ne.pdf\">Raport mbi monitorimin e respektimit t\u00eb standardeve etike nga gjyqtar\u00ebt. Korrik 2010 &#8211; Qershor 2011<\/a><\/li>\n<\/ul>\n<p>[\/cl_text][\/cl_column][\/cl_row]<\/p>\n","protected":false},"excerpt":{"rendered":"<p>[cl_row device_visibility=&#8221;`{`object Object`}`&#8221; css_style=&#8221;padding-top:25px|padding-bottom:25px&#8221;][cl_column device_visibility=&#8221;`{`object Object`}`&#8221; css_style=&#8221;padding-top:20px|padding-bottom:20px&#8221;][cl_text custom_typography=&#8221;0&#8243; custom_responsive_992_bool=&#8221;0&#8243; custom_responsive_768_bool=&#8221;0&#8243; css_style=&#8221;margin-top:35px&#8221;] Revista &#8220;E Drejta Parlamentare dhe Politikat Ligjore&#8221; [\/cl_text][\/cl_column][\/cl_row][cl_row device_visibility=&#8221;`{`object Object`}`&#8221; css_style=&#8221;padding-top:25px|padding-bottom:25px&#8221;][cl_column width=&#8221;1\/4&#8243; device_visibility=&#8221;`{`object Object`}`&#8221; css_style=&#8221;padding-top:20px|padding-bottom:20px&#8221;][cl_text custom_typography=&#8221;0&#8243; custom_responsive_992_bool=&#8221;0&#8243; custom_responsive_768_bool=&#8221;0&#8243; css_style=&#8221;margin-top:35px&#8221;] Revista 1 Revista 2 Revista [&hellip;]<\/p>\n","protected":false},"author":1,"featured_media":0,"parent":0,"menu_order":0,"comment_status":"closed","ping_status":"closed","template":"","meta":{"footnotes":""},"class_list":["post-1432","page","type-page","status-publish","hentry"],"_links":{"self":[{"href":"https:\/\/ascpdp.com\/index.php?rest_route=\/wp\/v2\/pages\/1432","targetHints":{"allow":["GET"]}}],"collection":[{"href":"https:\/\/ascpdp.com\/index.php?rest_route=\/wp\/v2\/pages"}],"about":[{"href":"https:\/\/ascpdp.com\/index.php?rest_route=\/wp\/v2\/types\/page"}],"author":[{"embeddable":true,"href":"https:\/\/ascpdp.com\/index.php?rest_route=\/wp\/v2\/users\/1"}],"replies":[{"embeddable":true,"href":"https:\/\/ascpdp.com\/index.php?rest_route=%2Fwp%2Fv2%2Fcomments&post=1432"}],"version-history":[{"count":1,"href":"https:\/\/ascpdp.com\/index.php?rest_route=\/wp\/v2\/pages\/1432\/revisions"}],"predecessor-version":[{"id":1491,"href":"https:\/\/ascpdp.com\/index.php?rest_route=\/wp\/v2\/pages\/1432\/revisions\/1491"}],"wp:attachment":[{"href":"https:\/\/ascpdp.com\/index.php?rest_route=%2Fwp%2Fv2%2Fmedia&parent=1432"}],"curies":[{"name":"wp","href":"https:\/\/api.w.org\/{rel}","templated":true}]}}