{"id":1386,"date":"2021-01-06T08:49:37","date_gmt":"2021-01-06T08:49:37","guid":{"rendered":"http:\/\/ascpdp.com\/?page_id=1386"},"modified":"2021-01-06T08:49:38","modified_gmt":"2021-01-06T08:49:38","slug":"qendra-e-studimeve-parlamentare","status":"publish","type":"page","link":"https:\/\/ascpdp.com\/?page_id=1386","title":{"rendered":"Qendra e Studimeve Parlamentare"},"content":{"rendered":"\n<p><strong>Ngritja e Qendr\u00ebs s\u00eb Studimeve Parlamentare\u00a0<\/strong><\/p>\n\n\n\n<p>Zhvillimi dhe demokratizimi i institucionit t\u00eb parlamentit p\u00ebrb\u00ebn nj\u00eb nga drejtimet themelore t\u00eb reformave institucionale n\u00eb Shqip\u00ebri. Ky proces merr nj\u00eb r\u00ebnd\u00ebsi t\u00eb vecant\u00eb, duke patur parasysh m\u00ebnyr\u00ebn se si \u00ebsht\u00eb nd\u00ebrtuar dhe rolin q\u00eb ka luajtur ky institucion gjat\u00eb etapave t\u00eb krijimit dhe t\u00eb zhvillimit t\u00eb shtetit shqiptar.<br><br>An\u00ebtar\u00ebt themelues, duke qen\u00eb se kan\u00eb punuar si k\u00ebshilltar\u00eb n\u00eb Kuvend p\u00ebr nj\u00eb koh\u00eb t\u00eb gjat\u00eb, vendosen t\u00eb krijojn\u00eb k\u00ebt\u00eb Qend\u00ebr p\u00ebr t\u00eb ruajtur dhe zhvilluar tradit\u00ebn pozitive n\u00eb k\u00ebt\u00eb fush\u00eb si dhe p\u00ebr t\u00eb dh\u00ebn\u00eb nj\u00eb kontribut n\u00eb praktikat parlamentare.<br><br>Qendra \u00ebsht\u00eb krijuar si nj\u00eb organizat\u00eb jo qeveritare, pa q\u00ebllime politike. An\u00ebtar\u00ebt synojn\u00eb q\u00eb n\u00ebp\u00ebrmjet studimeve dhe analizave, duke shfryt\u00ebzuar dhe p\u00ebrvoj\u00ebn e perparuar n\u00eb fush\u00ebn parlamentare t\u00eb vendeve t\u00eb tjera, t\u00eb influencojn\u00eb n\u00eb m\u00ebnyr\u00eb objektive n\u00eb procesin e zhvillimit dhe modernizimit t\u00eb jet\u00ebs parlamentar<\/p>\n\n\n\n<p><\/p>\n\n\n\n<p><strong>Veprimtaria e <strong>Qendr\u00ebs s\u00eb Studimeve Parlamentare\u00a0<\/strong><\/strong><\/p>\n\n\n\n<p>Drejtimet baz\u00eb t\u00eb veprimtaris\u00eb s\u00eb Qendr\u00ebs jan\u00eb:<br><br>\u00a0\u00a0\u00a0 * procesi legjislativ dhe procedura parlamentare<br>\u00a0\u00a0\u00a0 * statusi i deputetit<br>\u00a0\u00a0\u00a0 * kontrolli parlamentar<br>\u00a0\u00a0\u00a0 * \u00e7\u00ebshtjet q\u00eb lidhen me ushtrimin e s\u00eb drejt\u00ebs elektorale<br>\u00a0\u00a0\u00a0 * pjes\u00ebmarrja e publikut n\u00eb procesin e vendimmarrjes n\u00eb Shqip\u00ebri<br>\u00a0\u00a0\u00a0 * teknika legjislative<br>\u00a0\u00a0\u00a0 * diplomacia parlamentare<br>\u00a0\u00a0\u00a0 * sh\u00ebrbimet parlamentare dhe infrastruktura bashk\u00ebkohore n\u00eb efektivitetin e parlamentit<br><br>duke synuar dh\u00ebnien e rekomandimeve dhe sygjerimeve t\u00eb nevojshme p\u00ebr p\u00ebrmir\u00ebsimin dhe zhvillimin e efektivitetit dhe t\u00eb aspektit demokratik n\u00eb drejtimet e p\u00ebrmendura m\u00eb sip\u00ebr. Gjithashtu, Qendra do t\u00eb angazhohet n\u00eb analiza krahasuese t\u00eb zhvillimeve n\u00eb fush\u00ebn parlamentare n\u00eb vendet e huaja, duke ndjekur n\u00eb vazhdim\u00ebsi zhvillimin e k\u00ebsaj fushe.<\/p>\n\n\n\n<p><\/p>\n\n\n\n<p><strong>Q\u00ebllimi dhe objektivat e <strong>Qendr\u00ebs s\u00eb Studimeve Parlamentare\u00a0<\/strong><\/strong><\/p>\n\n\n\n<p>Qendra ka si q\u00ebllim zhvillimin dhe rritjen e efektivitetit n\u00eb veprimtarin\u00eb parlamentare, procesin legjislativ si dhe zhvillimin e demokracis\u00eb parlamentare n\u00ebp\u00ebrmjet nd\u00ebrmarrjes s\u00eb studimeve dhe k\u00ebrkimeve, organizimit t\u00eb akiviteteve dhe trainimeve n\u00eb k\u00ebt\u00eb fush\u00eb.<br>P\u00ebr arritjen e k\u00ebtij q\u00ebllimi, Qendra do t\u00eb t\u00ebrheq\u00eb n\u00eb veprimtarin\u00eb e saj specialiste t\u00eb kualifikuar, vendas dhe te huaj\u00eb dhe do t\u00eb p\u00ebrpiqet t\u00eb siguroj\u00eb mb\u00ebshtetjen e organizatave analoge jasht\u00eb vendit, n\u00eb favor t\u00eb pun\u00ebs shkencore dhe k\u00ebrkimore. Q\u00ebndra synon botimin e nj\u00eb periodiku n\u00eb fush\u00ebn parlamentare. Ajo do t\u00eb kontribuoj\u00eb edhe p\u00ebr kualifikimin e studiuesve t\u00eb rinj t\u00eb fush\u00ebs legjislative, duke bashk\u00ebpunuar me universitete, institucione, fondacione apo organizma t\u00eb tjer\u00eb, vendas ose t\u00eb huaj\u00eb.<\/p>\n\n\n\n<p>Qendra \u00ebsht\u00eb regjistruar si person juridik n\u00eb Gjykat\u00ebn e Tiran\u00ebs n\u00eb janar 1999.<\/p>\n","protected":false},"excerpt":{"rendered":"<p>Ngritja e Qendr\u00ebs s\u00eb Studimeve Parlamentare\u00a0 Zhvillimi dhe demokratizimi i institucionit t\u00eb parlamentit p\u00ebrb\u00ebn nj\u00eb nga drejtimet themelore t\u00eb reformave institucionale n\u00eb Shqip\u00ebri. Ky proces merr nj\u00eb r\u00ebnd\u00ebsi t\u00eb vecant\u00eb, duke patur parasysh m\u00ebnyr\u00ebn se [&hellip;]<\/p>\n","protected":false},"author":1,"featured_media":0,"parent":0,"menu_order":0,"comment_status":"closed","ping_status":"closed","template":"","meta":{"footnotes":""},"class_list":["post-1386","page","type-page","status-publish","hentry"],"_links":{"self":[{"href":"https:\/\/ascpdp.com\/index.php?rest_route=\/wp\/v2\/pages\/1386","targetHints":{"allow":["GET"]}}],"collection":[{"href":"https:\/\/ascpdp.com\/index.php?rest_route=\/wp\/v2\/pages"}],"about":[{"href":"https:\/\/ascpdp.com\/index.php?rest_route=\/wp\/v2\/types\/page"}],"author":[{"embeddable":true,"href":"https:\/\/ascpdp.com\/index.php?rest_route=\/wp\/v2\/users\/1"}],"replies":[{"embeddable":true,"href":"https:\/\/ascpdp.com\/index.php?rest_route=%2Fwp%2Fv2%2Fcomments&post=1386"}],"version-history":[{"count":1,"href":"https:\/\/ascpdp.com\/index.php?rest_route=\/wp\/v2\/pages\/1386\/revisions"}],"predecessor-version":[{"id":1387,"href":"https:\/\/ascpdp.com\/index.php?rest_route=\/wp\/v2\/pages\/1386\/revisions\/1387"}],"wp:attachment":[{"href":"https:\/\/ascpdp.com\/index.php?rest_route=%2Fwp%2Fv2%2Fmedia&parent=1386"}],"curies":[{"name":"wp","href":"https:\/\/api.w.org\/{rel}","templated":true}]}}