{"id":1261,"date":"2017-08-02T08:57:43","date_gmt":"2017-08-02T08:57:43","guid":{"rendered":"http:\/\/codeless.co\/handel\/corporate\/?page_id=5"},"modified":"2021-02-23T17:02:24","modified_gmt":"2021-02-23T17:02:24","slug":"home","status":"publish","type":"page","link":"https:\/\/ascpdp.com\/","title":{"rendered":"Home"},"content":{"rendered":"<p>[cl_row row_type=&#8221;container-fluid&#8221; columns_gap=&#8221;0&#8243; css_style=&#8221;padding-top:0px|padding-bottom:0px&#8221;][cl_column css_style=&#8221;padding-top:0px|padding-bottom:0px&#8221;][cl_revslider slides=&#8221;home&#8221;][\/cl_column][\/cl_row][cl_row css_style=&#8221;padding-top:45px|padding-bottom:45px&#8221;][cl_column width=&#8221;1\/3&#8243;][cl_service media=&#8221;type_icon&#8221; title=&#8221;VIZIONI&#8221; wrapper=&#8221;wrapper_circle&#8221; hover_effect=&#8221;wrapper_accent_color&#8221; service_link=&#8221;#&#8221; icon_font_size=&#8221;43&#8243; wrapper_size=&#8221;86&#8243; wrapper_distance=&#8221;39&#8243; title_distance_top=&#8221;7&#8243; title_content_distance=&#8221;14&#8243; title_typography=&#8221;custom_font&#8221; title_font_size=&#8221;20&#8243; title_line_height=&#8221;26&#8243; title_letterspace=&#8221;0&#8243; title_transform=&#8221;none&#8221; desc_font_size=&#8221;16&#8243; icon=&#8221;cl-icon-cloud2&#8243; box_border_color=&#8221;rgba(0,0,0,0)&#8221; icon_color=&#8221;#ffffff&#8221; wrapper_bg_color=&#8221;#666666&#8243; wrapper_border_color=&#8221;rgba(0,0,0,0)&#8221; title_color=&#8221;#990000&#8243;]<\/p>\n<p>An\u00ebtar\u00ebt synojn\u00eb q\u00eb n\u00ebp\u00ebrmjet studimeve dhe analizave, duke shfryt\u00ebzuar dhe p\u00ebrvoj\u00ebn e perparuar n\u00eb fush\u00ebn parlamentare t\u00eb vendeve t\u00eb tjera, t\u00eb influencojn\u00eb n\u00eb m\u00ebnyr\u00eb objektive n\u00eb procesin e zhvillimit dhe modernizimit t\u00eb jet\u00ebs parlamentare<\/p>\n<p>[\/cl_service][\/cl_column][cl_column width=&#8221;1\/3&#8243;][cl_service media=&#8221;type_icon&#8221; title=&#8221;MISIONI&#8221; wrapper=&#8221;wrapper_circle&#8221; hover_effect=&#8221;wrapper_accent_color&#8221; service_link=&#8221;#&#8221; icon_font_size=&#8221;43&#8243; wrapper_size=&#8221;86&#8243; wrapper_distance=&#8221;39&#8243; title_distance_top=&#8221;7&#8243; title_content_distance=&#8221;14&#8243; title_typography=&#8221;custom_font&#8221; title_font_size=&#8221;20&#8243; title_line_height=&#8221;26&#8243; title_letterspace=&#8221;0&#8243; title_transform=&#8221;none&#8221; desc_font_size=&#8221;16&#8243; icon=&#8221;cl-icon-scope&#8221; box_border_color=&#8221;rgba(0,0,0,0)&#8221; icon_color=&#8221;#ffffff&#8221; wrapper_bg_color=&#8221;#666666&#8243; wrapper_border_color=&#8221;rgba(0,0,0,0)&#8221; title_color=&#8221;#990000&#8243;]<\/p>\n<p>Zhvillimi dhe rritja e efektivitetit n\u00eb veprimtarin\u00eb parlamentare, procesin legjislativ si dhe zhvillimin e demokracis\u00eb parlamentare n\u00ebp\u00ebrmjet nd\u00ebrmarrjes s\u00eb studimeve dhe k\u00ebrkimeve, organizimit t\u00eb akiviteteve dhe trainimeve n\u00eb k\u00ebt\u00eb fush\u00eb<\/p>\n<p>[\/cl_service][\/cl_column][cl_column width=&#8221;1\/3&#8243;][cl_service media=&#8221;type_icon&#8221; title=&#8221;Q\u00cbLLIMI&#8221; wrapper=&#8221;wrapper_circle&#8221; hover_effect=&#8221;wrapper_accent_color&#8221; service_link=&#8221;#&#8221; icon_font_size=&#8221;43&#8243; wrapper_size=&#8221;86&#8243; wrapper_distance=&#8221;39&#8243; title_distance_top=&#8221;7&#8243; title_content_distance=&#8221;14&#8243; title_typography=&#8221;custom_font&#8221; title_font_size=&#8221;20&#8243; title_line_height=&#8221;26&#8243; title_letterspace=&#8221;0&#8243; title_transform=&#8221;none&#8221; desc_font_size=&#8221;16&#8243; icon=&#8221;cl-icon-target2&#8243; box_border_color=&#8221;rgba(0,0,0,0)&#8221; icon_color=&#8221;#ffffff&#8221; wrapper_bg_color=&#8221;#666666&#8243; wrapper_border_color=&#8221;rgba(0,0,0,0)&#8221; title_color=&#8221;#990000&#8243;]<\/p>\n<p>P\u00ebr arritjen e k\u00ebtij q\u00ebllimi, Qendra do t\u00eb t\u00ebrheq\u00eb n\u00eb veprimtarin\u00eb e saj specialiste t\u00eb kualifikuar, vendas dhe te huaj\u00eb dhe do t\u00eb p\u00ebrpiqet t\u00eb siguroj\u00eb mb\u00ebshtetjen e organizatave analoge jasht\u00eb vendit, n\u00eb favor t\u00eb pun\u00ebs shkencore dhe k\u00ebrkimore. Q\u00ebndra synon botimin e nj\u00eb periodiku n\u00eb fush\u00ebn parlamentare.<\/p>\n<p>[\/cl_service][\/cl_column][\/cl_row][cl_row row_disabled=&#8221;1&#8243; css_style=&#8221;padding-top:45px|padding-bottom:45px|border-top-width:1px|border-bottom-width:1px&#8221; background_color=&#8221;#f3f3f3&#8243; border_color=&#8221;#e1e1e1&#8243;][cl_column css_style=&#8221;padding-bottom:0px&#8221;][cl_custom_heading typography=&#8221;h4&#8243; css_style=&#8221;margin-top:20px&#8221;]<\/p>\n<p style=\"text-align: center\">10 years of expertise in Corporate Consulting<\/p>\n<p>[\/cl_custom_heading][cl_custom_heading css_style=&#8221;margin-top:15px&#8221;]<\/p>\n<p style=\"text-align: center\">WHAT ABOUT OUR COMPANY<\/p>\n<p>[\/cl_custom_heading][cl_divider height=&#8221;4&#8243; width_full=&#8221;0&#8243; width=&#8221;107&#8243; align=&#8221;center_divider&#8221; css_style=&#8221;margin-top:10px|margin-bottom:35px&#8221; color=&#8221;#a8db51&#8243;][cl_row_inner css_style=&#8221;margin-top:10px&#8221;][cl_column_inner width=&#8221;1\/3&#8243; css_style=&#8221;padding-top:20px|padding-bottom:20px&#8221;][cl_media lightbox=&#8221;1&#8243; shadow=&#8221;0&#8243; image=&#8221;uploading:false|date:1501774921000|filename:why.jpg|menuOrder:0|uploadedTo:0|type:image|subtype:jpeg|url:http%253A%252F%252Fcodeless.co%252Fhandel%252Fcorporate%252Fwp-content%252Fuploads%252F2017%252F08%252Fwhy.jpg|title:why|caption:|alt:|description:|id:86|link:http%253A%252F%252Fcodeless.co%252Fhandel%252Fcorporate%252F%253Fattachment_id%253D86|author:1|name:why|status:inherit|modified:1501774921000|mime:image%252Fjpeg|icon:http%253A%252F%252Fcodeless.co%252Fhandel%252Fcorporate%252Fwp-includes%252Fimages%252Fmedia%252Fdefault.png|dateFormatted:August%25203%252C%25202017|nonces:%255Bobject%2520Object%255D|editLink:http%253A%252F%252Fcodeless.co%252Fhandel%252Fcorporate%252Fwp-admin%252Fpost.php%253Fpost%253D86%2526action%253Dedit|meta:false|authorName:admin|filesizeInBytes:17084|filesizeHumanReadable:17%2520KB|height:250|width:350|orientation:landscape|sizes:%255Bobject%2520Object%255D|compat:%255Bobject%2520Object%255D&#8221;][\/cl_column_inner][cl_column_inner width=&#8221;1\/3&#8243; css_style=&#8221;padding-bottom:20px|padding-top:20px&#8221;][cl_custom_heading typography=&#8221;h3&#8243;]<\/p>\n<p>Why Choose Handel<\/p>\n<p>[\/cl_custom_heading][cl_text css_style=&#8221;margin-top:20px&#8221;]<\/p>\n<p>At vero eos et accusamus et iusto odio dignissimos ducimus qui blanditiis praesentium voluptatum.<\/p>\n<p>At vero eos et accusamus et iusto odio dignissimos ducimus qui blanditiis praesentium voluptatum.<\/p>\n<p>[\/cl_text][cl_list style=&#8221;circle&#8221; css_style=&#8221;margin-top:16px&#8221;][cl_list_item icon=&#8221;cl-icon-chevron-right2&#8243;]Globally Trusted Company[\/cl_list_item][cl_list_item icon=&#8221;cl-icon-chevron-right2&#8243;]Years of Experience in industry[\/cl_list_item][cl_list_item icon=&#8221;cl-icon-chevron-right2&#8243;]More than 20,000 clients world-wide.[\/cl_list_item][\/cl_list][\/cl_column_inner][cl_column_inner width=&#8221;1\/3&#8243; css_style=&#8221;padding-bottom:20px|padding-top:20px&#8221;][cl_custom_heading typography=&#8221;h3&#8243;]<\/p>\n<p>Our Core Services<\/p>\n<p>[\/cl_custom_heading][cl_toggles style=&#8221;square_plus&#8221; accordion=&#8221;1&#8243; css_style=&#8221;margin-top:24px&#8221;][cl_toggle is_active=&#8221;1&#8243; title=&#8221;Strategy Planning&#8221;][cl_text]<\/p>\n<p>Interactively underwhelm turnkey initiatives before high-payoff relationships. Holisticly restore superior interfaces before flexible technology.<\/p>\n<p>[\/cl_text][\/cl_toggle][cl_toggle title=&#8221;Human Resources Management&#8221;][cl_text]<\/p>\n<p>Interactively underwhelm turnkey initiatives before high-payoff relationships. Holisticly restore superior interfaces before flexible technology completely scale<\/p>\n<p>[\/cl_text][\/cl_toggle][cl_toggle title=&#8221;Market Analysys&#8221;][cl_text]<\/p>\n<p>Interactively underwhelm turnkey initiatives before high-payoff relationships. Holisticly restore superior interfaces before flexible technology. Completely scale extensible relationships through empowered web.<\/p>\n<p>[\/cl_text][\/cl_toggle][\/cl_toggles][\/cl_column_inner][\/cl_row_inner][\/cl_column][\/cl_row][cl_row css_style=&#8221;padding-top:75px|padding-bottom:55px&#8221; background_color=&#8221;#f2f2f2&#8243;][cl_column width=&#8221;1\/4&#8243; horizontal_align=&#8221;middle&#8221; animation=&#8221;bottom-t-top&#8221; animation_delay=&#8221;200&#8243; animation_speed=&#8221;300&#8243; css_style=&#8221;padding-top:0px|margin-bottom:20px&#8221; text_color=&#8221;light-text&#8221; background_color=&#8221;#990000&#8243;][cl_media lightbox=&#8221;1&#8243; image_size=&#8221;image&#8221; image=&#8221;id:1369|url:http%253A%252F%252Fascpdp.com%252Fwp-content%252Fuploads%252F2021%252F01%252Fqps02.jpg&#8221;][cl_custom_heading typography=&#8221;custom_font&#8221; css_style=&#8221;margin-top:20px&#8221; text_color=&#8221;#ffffff&#8221;]<span style=\"font-weight: normal\">PROJEKTE T\u00cb REALIZUARA<\/span>[\/cl_custom_heading][cl_counter number=&#8221;29&#8243; custom_color=&#8221;1&#8243; color=&#8221;#ffffff&#8221;][\/cl_column][cl_column width=&#8221;1\/4&#8243; horizontal_align=&#8221;middle&#8221; animation=&#8221;bottom-t-top&#8221; animation_delay=&#8221;500&#8243; animation_speed=&#8221;300&#8243; css_style=&#8221;padding-top:0px|margin-bottom:20px&#8221; background_color=&#8221;#990000&#8243;][cl_media lightbox=&#8221;1&#8243; image_size=&#8221;image&#8221; image=&#8221;id:1371|url:http%253A%252F%252Fascpdp.com%252Fwp-content%252Fuploads%252F2021%252F01%252Fpublications.jpg&#8221;][cl_custom_heading typography=&#8221;custom_font&#8221; css_style=&#8221;margin-top:20px&#8221; text_color=&#8221;#ffffff&#8221;]<\/p>\n<p><span style=\"font-weight: normal\">PUBLIKIME<\/span><\/p>\n<p>[\/cl_custom_heading][cl_counter number=&#8221;68&#8243; custom_color=&#8221;1&#8243; color=&#8221;#ffffff&#8221;][\/cl_column][cl_column width=&#8221;1\/4&#8243; horizontal_align=&#8221;middle&#8221; animation=&#8221;bottom-t-top&#8221; animation_delay=&#8221;700&#8243; animation_speed=&#8221;300&#8243; css_style=&#8221;padding-top:0px|margin-bottom:20px&#8221; text_color=&#8221;light-text&#8221; background_color=&#8221;#990000&#8243;][cl_media lightbox=&#8221;1&#8243; image_size=&#8221;image&#8221; image=&#8221;id:1383|url:http%253A%252F%252Fascpdp.com%252Fwp-content%252Fuploads%252F2021%252F01%252Ftest.jpg&#8221;][cl_custom_heading typography=&#8221;custom_font&#8221; css_style=&#8221;margin-top:20px&#8221; text_color=&#8221;#ffffff&#8221;]<\/p>\n<p><span style=\"font-weight: normal\">AKTIVITETE<\/span><\/p>\n<p>[\/cl_custom_heading][cl_counter number=&#8221;79&#8243; custom_color=&#8221;1&#8243; color=&#8221;#ffffff&#8221;][\/cl_column][cl_column width=&#8221;1\/4&#8243; horizontal_align=&#8221;middle&#8221; animation=&#8221;bottom-t-top&#8221; animation_delay=&#8221;900&#8243; animation_speed=&#8221;300&#8243; css_style=&#8221;padding-top:0px|margin-bottom:20px&#8221; background_color=&#8221;#990000&#8243;][cl_media lightbox=&#8221;1&#8243; image_size=&#8221;image&#8221; image=&#8221;id:1373|url:http%253A%252F%252Fascpdp.com%252Fwp-content%252Fuploads%252F2021%252F01%252Fbuletin02.jpg&#8221;][cl_custom_heading typography=&#8221;custom_font&#8221; css_style=&#8221;margin-top:20px&#8221; text_color=&#8221;#ffffff&#8221;]<\/p>\n<p><span style=\"font-weight: normal\">BULETINE INFORMATIVE<\/span><\/p>\n<p>[\/cl_custom_heading][cl_counter number=&#8221;46&#8243; custom_color=&#8221;1&#8243; color=&#8221;#ffffff&#8221;][\/cl_column][\/cl_row][cl_row custom_width_bool=&#8221;1&#8243; custom_width=&#8221;980&#8243; css_style=&#8221;padding-top:45px|padding-bottom:45px&#8221; text_color=&#8221;light-text&#8221; background_color=&#8221;#990000&#8243;][cl_column][cl_testimonial style=&#8221;simple_photo_circle&#8221; carousel_nav=&#8221;1&#8243; carousel_dots=&#8221;1&#8243;][\/cl_column][\/cl_row][cl_row css_style=&#8221;padding-top:55px|padding-bottom:55px|border-bottom-width:1px&#8221; background_color=&#8221;#f3f3f3&#8243; border_color=&#8221;#e1e1e1&#8243;][cl_column width=&#8221;1\/2&#8243;][cl_media image=&#8221;id:1364|url:http%253A%252F%252Fascpdp.com%252Fwp-content%252Fuploads%252F2021%252F01%252Fqps.jpg&#8221;][\/cl_column][cl_column width=&#8221;1\/2&#8243;][cl_custom_heading typography=&#8221;h3&#8243;]<\/p>\n<p>Veprimtaria e Qendr\u00ebs s\u00eb Studimeve Parlamentare<\/p>\n<p>[\/cl_custom_heading][cl_text css_style=&#8221;margin-top:20px&#8221;]Zhvillimi dhe modernizimi i institucioneve demokratike p\u00ebrb\u00ebn nj\u00eb nga drejtimet themelore t\u00eb reformave institucionale n\u00eb Shqip\u00ebri. Ky proces merr nj\u00eb r\u00ebnd\u00ebsi t\u00eb ve\u00e7ant\u00eb, duke patur parasysh m\u00ebnyr\u00ebn se si k\u00ebto institucione jan\u00eb nd\u00ebrtuar dhe rolin q\u00eb kan\u00eb luajtur gjat\u00eb etapave t\u00eb krijimit dhe t\u00eb zhvillimit t\u00eb shtetit shqiptar.<\/p>\n<p>An\u00ebtar\u00ebt themelues t\u00eb Qendr\u00ebs s\u00eb Studimeve Parlamentare duke qen\u00eb se kan\u00eb punuar si k\u00ebshilltar\u00eb n\u00eb Kuvendin e Shqip\u00ebris\u00eb p\u00ebr nj\u00eb koh\u00eb t\u00eb gjat\u00eb, vendos\u00ebn t\u00eb krijojn\u00eb k\u00ebt\u00eb organizat\u00eb p\u00ebr t\u00eb ruajtur dhe zhvilluar tradit\u00ebn pozitive n\u00eb k\u00ebt\u00eb fush\u00eb si dhe p\u00ebr t\u00eb dh\u00ebn\u00eb nj\u00eb kontribut n\u00eb zhvillimin e praktikave demokratike.[\/cl_text][cl_service media=&#8221;type_icon&#8221; title=&#8221;VIZIONI&#8221; wrapper=&#8221;wrapper_circle&#8221; hover_effect=&#8221;wrapper_accent_color&#8221; service_link=&#8221;#&#8221; css_style=&#8221;margin-top:m|margin-bottom:m|margin-left:m|margin-right:m|padding-top:m|padding-bottom:m|padding-left:m|padding-right:m|border-top-width:m|border-bottom-width:m|border-left-width:m|border-right-width:m&#8221; icon_font_size=&#8221;18&#8243; wrapper_size=&#8221;48&#8243; icon=&#8221;cl-icon-cloud2&#8243; box_border_color=&#8221;rgba(0,0,0,0)&#8221; icon_color=&#8221;#ffffff&#8221; wrapper_border_color=&#8221;rgba(40,64,109,0)&#8221; wrapper_bg_color=&#8221;#990000&#8243;]QSP-ja \u00ebsht\u00eb krijuar me statusin e nj\u00eb organizate joqeveritare, pa q\u00ebllime politike. An\u00ebtar\u00ebt themelues, n\u00ebp\u00ebrmjet studimeve dhe analizave, duke u mb\u00ebshtetur dhe n\u00eb p\u00ebrvoj\u00ebn e p\u00ebrparuar t\u00eb vendeve t\u00eb tjera demokratike, synojn\u00eb t\u00eb influencojn\u00eb n\u00eb m\u00ebnyr\u00eb objektive dhe konstruktive n\u00eb procesin e zhvillimit dhe modernizimit t\u00eb veprimtaris\u00eb parlamentare, n\u00eb ve\u00e7anti, dhe t\u00eb institucioneve demokratike, n\u00eb p\u00ebrgjith\u00ebsi.[\/cl_service][cl_service media=&#8221;type_icon&#8221; title=&#8221;Q\u00cbLLIMI&#8221; wrapper=&#8221;wrapper_circle&#8221; hover_effect=&#8221;wrapper_accent_color&#8221; service_link=&#8221;#&#8221; css_style=&#8221;margin-top:25px&#8221; icon_font_size=&#8221;18&#8243; wrapper_size=&#8221;48&#8243; icon=&#8221;cl-icon-scope&#8221; box_border_color=&#8221;rgba(0,0,0,0)&#8221; icon_color=&#8221;#ffffff&#8221; wrapper_border_color=&#8221;rgba(40,64,109,0)&#8221; wrapper_bg_color=&#8221;#990000&#8243;]QSP-ja ka si q\u00ebllim zhvillimin dhe rritjen e cil\u00ebsis\u00eb dhe efektivitetit n\u00eb veprimtarin\u00eb e institucioneve demokratike dhe procesin legjislativ si dhe zhvillimin e transparenc\u00ebs dhe pjes\u00ebmarrjes s\u00eb publikut n\u00eb proceset vendimmarr\u00ebse, n\u00ebp\u00ebrmjet nd\u00ebrmarrjes s\u00eb studimeve dhe k\u00ebrkimeve, organizimit t\u00eb aktiviteteve dhe trajnimeve n\u00eb k\u00ebt\u00eb fush\u00eb.[\/cl_service][cl_service media=&#8221;type_icon&#8221; title=&#8221;OBJEKTIVI&#8221; wrapper=&#8221;wrapper_circle&#8221; hover_effect=&#8221;wrapper_accent_color&#8221; service_link=&#8221;#&#8221; css_style=&#8221;margin-top:25px&#8221; icon_font_size=&#8221;18&#8243; wrapper_size=&#8221;48&#8243; icon=&#8221;cl-icon-target2&#8243; box_border_color=&#8221;rgba(0,0,0,0)&#8221; icon_color=&#8221;#ffffff&#8221; wrapper_border_color=&#8221;rgba(40,64,109,0)&#8221; wrapper_bg_color=&#8221;#990000&#8243;]P\u00ebr arritjen e k\u00ebtij q\u00ebllimi, QSP-ja do t\u00eb ftoj\u00eb dhe do t\u00eb bashk\u00ebpunoj\u00eb me specialist\u00eb t\u00eb kualifikuar t\u00eb fush\u00ebs, vendas dhe t\u00eb huaj, dhe do t\u00eb p\u00ebrpiqet t\u00eb siguroj\u00eb mb\u00ebshtetjen e organizatave homologe jasht\u00eb vendit, n\u00eb favor t\u00eb pun\u00ebs shkencore dhe k\u00ebrkimore. Ajo do t\u00eb kontribuoj\u00eb edhe p\u00ebr kualifikimin e studiuesve t\u00eb rinj n\u00eb fush\u00ebn legjislative, duke bashk\u00ebpunuar me universitete, institucione, fondacione ose organizma t\u00eb tjer\u00eb, vendas ose t\u00eb huaj\u00eb.<\/p>\n<p>QSP-ja synon botimin e nj\u00eb periodiku n\u00eb fush\u00ebn parlamentare.[\/cl_service][\/cl_column][\/cl_row][cl_row css_style=&#8221;padding-top:45px|padding-bottom:60px&#8221;][cl_column css_style=&#8221;padding-bottom:0px&#8221;][cl_custom_heading css_style=&#8221;margin-top:15px&#8221;]<\/p>\n<p style=\"text-align: center\">AKTIVITETE T\u00cb NDRYSHME<\/p>\n<p>[\/cl_custom_heading][cl_divider height=&#8221;4&#8243; width_full=&#8221;0&#8243; width=&#8221;107&#8243; align=&#8221;center_divider&#8221; css_style=&#8221;margin-top:10px|margin-bottom:35px&#8221; color=&#8221;#990000&#8243;][cl_blog blog_animation=&#8221;alpha-anim&#8221; image_size=&#8221;blog_custom&#8221; carousel_dots=&#8221;0&#8243; css_style=&#8221;margin-top:46px&#8221; blog_simple=&#8221;0&#8243;][\/cl_column][\/cl_row][cl_row row_disabled=&#8221;1&#8243; css_style=&#8221;padding-top:45px|padding-bottom:45px&#8221; background_color=&#8221;#1e1f23&#8243;][cl_column width=&#8221;1\/3&#8243; text_color=&#8221;light-text&#8221;][cl_custom_heading typography=&#8221;custom_font&#8221; text_font_family=&#8221;Roboto Condensed&#8221; text_font_size=&#8221;18&#8243; text_font_weight=&#8221;600&#8243; text_line_height=&#8221;22&#8243; text_transform=&#8221;none&#8221; css_style=&#8221;margin-top:20px&#8221; text_color=&#8221;#a8db51&#8243;]<\/p>\n<p style=\"text-align: left\">Always happy clients over the years<\/p>\n<p>[\/cl_custom_heading][cl_custom_heading css_style=&#8221;margin-top:15px&#8221;]<\/p>\n<p style=\"text-align: left\">Request a Quote Today<\/p>\n<p>[\/cl_custom_heading][cl_divider height=&#8221;4&#8243; width_full=&#8221;0&#8243; width=&#8221;107&#8243; align=&#8221;left_divider&#8221; css_style=&#8221;margin-top:10px|margin-bottom:35px&#8221; color=&#8221;#a8db51&#8243;][cl_text css_style=&#8221;margin-top:10px&#8221;]At vero eos et accusamus et iusto odio dignissimos ducimus qui blanditiis praesentium voluptatum deleniti atque corrupti quos dolores [\/cl_text][cl_service media=&#8221;type_icon&#8221; title=&#8221;Have difficulty? Take Free Call&#8221; wrapper=&#8221;wrapper_circle&#8221; hover_effect=&#8221;wrapper_accent_color&#8221; service_link=&#8221;#&#8221; css_style=&#8221;margin-top:25px&#8221; icon_font_size=&#8221;18&#8243; wrapper_size=&#8221;48&#8243; icon=&#8221;cl-icon-phone-outline&#8221; box_border_color=&#8221;rgba(0,0,0,0)&#8221; icon_color=&#8221;#28406d&#8221; wrapper_border_color=&#8221;#a8db51&#8243; wrapper_bg_color=&#8221;#a8db51&#8243;]<\/p>\n<p>On the other hand, we denounce with righteous indignation and dislike men.<\/p>\n<p>[\/cl_service][cl_service media=&#8221;type_icon&#8221; title=&#8221;Connect with us directly&#8221; wrapper=&#8221;wrapper_circle&#8221; hover_effect=&#8221;wrapper_accent_color&#8221; service_link=&#8221;#&#8221; css_style=&#8221;margin-top:25px&#8221; icon_font_size=&#8221;18&#8243; wrapper_size=&#8221;48&#8243; icon=&#8221;cl-icon-location-outline&#8221; box_border_color=&#8221;rgba(0,0,0,0)&#8221; icon_color=&#8221;#28406d&#8221; wrapper_border_color=&#8221;#a8db51&#8243; wrapper_bg_color=&#8221;#a8db51&#8243;]<\/p>\n<p>On the other hand, we denounce with righteous indignation and dislike.<\/p>\n<p>[\/cl_service][\/cl_column][cl_column width=&#8221;2\/3&#8243;][cl_contact_form7 id=&#8221;187&#8243; style=&#8221;grey&#8221;][\/cl_column][\/cl_row]<\/p>\n","protected":false},"excerpt":{"rendered":"<p>[cl_row row_type=&#8221;container-fluid&#8221; columns_gap=&#8221;0&#8243; css_style=&#8221;padding-top:0px|padding-bottom:0px&#8221;][cl_column css_style=&#8221;padding-top:0px|padding-bottom:0px&#8221;][cl_revslider slides=&#8221;home&#8221;][\/cl_column][\/cl_row][cl_row css_style=&#8221;padding-top:45px|padding-bottom:45px&#8221;][cl_column width=&#8221;1\/3&#8243;][cl_service media=&#8221;type_icon&#8221; title=&#8221;VIZIONI&#8221; wrapper=&#8221;wrapper_circle&#8221; hover_effect=&#8221;wrapper_accent_color&#8221; service_link=&#8221;#&#8221; icon_font_size=&#8221;43&#8243; wrapper_size=&#8221;86&#8243; wrapper_distance=&#8221;39&#8243; title_distance_top=&#8221;7&#8243; title_content_distance=&#8221;14&#8243; title_typography=&#8221;custom_font&#8221; title_font_size=&#8221;20&#8243; title_line_height=&#8221;26&#8243; title_letterspace=&#8221;0&#8243; title_transform=&#8221;none&#8221; desc_font_size=&#8221;16&#8243; icon=&#8221;cl-icon-cloud2&#8243; box_border_color=&#8221;rgba(0,0,0,0)&#8221; icon_color=&#8221;#ffffff&#8221; wrapper_bg_color=&#8221;#666666&#8243; wrapper_border_color=&#8221;rgba(0,0,0,0)&#8221; title_color=&#8221;#990000&#8243;] An\u00ebtar\u00ebt synojn\u00eb q\u00eb n\u00ebp\u00ebrmjet studimeve [&hellip;]<\/p>\n","protected":false},"author":1,"featured_media":0,"parent":0,"menu_order":0,"comment_status":"closed","ping_status":"closed","template":"","meta":{"footnotes":""},"class_list":["post-1261","page","type-page","status-publish","hentry"],"_links":{"self":[{"href":"https:\/\/ascpdp.com\/index.php?rest_route=\/wp\/v2\/pages\/1261","targetHints":{"allow":["GET"]}}],"collection":[{"href":"https:\/\/ascpdp.com\/index.php?rest_route=\/wp\/v2\/pages"}],"about":[{"href":"https:\/\/ascpdp.com\/index.php?rest_route=\/wp\/v2\/types\/page"}],"author":[{"embeddable":true,"href":"https:\/\/ascpdp.com\/index.php?rest_route=\/wp\/v2\/users\/1"}],"replies":[{"embeddable":true,"href":"https:\/\/ascpdp.com\/index.php?rest_route=%2Fwp%2Fv2%2Fcomments&post=1261"}],"version-history":[{"count":19,"href":"https:\/\/ascpdp.com\/index.php?rest_route=\/wp\/v2\/pages\/1261\/revisions"}],"predecessor-version":[{"id":1595,"href":"https:\/\/ascpdp.com\/index.php?rest_route=\/wp\/v2\/pages\/1261\/revisions\/1595"}],"wp:attachment":[{"href":"https:\/\/ascpdp.com\/index.php?rest_route=%2Fwp%2Fv2%2Fmedia&parent=1261"}],"curies":[{"name":"wp","href":"https:\/\/api.w.org\/{rel}","templated":true}]}}