{"id":1427,"date":"2021-01-11T16:37:50","date_gmt":"2021-01-11T16:37:50","guid":{"rendered":"http:\/\/ascpdp.com\/?page_id=1427"},"modified":"2021-01-11T16:37:50","modified_gmt":"2021-01-11T16:37:50","slug":"pjesemarrja-e-publikut-ne-procesin-legjislativ","status":"publish","type":"page","link":"http:\/\/ascpdp.com\/english\/?page_id=1427","title":{"rendered":"PJES\u00cbMARRJA E PUBLIKUT N\u00cb PROCESIN LEGJISLATIV"},"content":{"rendered":"<p align=\"justify\"><strong>RRITJA E PJES\u00cbMARRJES S\u00cb PUBLIKUT N\u00cb PROCESIN LEGJISLATIV<\/strong><\/p>\n<p align=\"justify\">Qendra e Studimeve Parlamentare n\u00eb bashk\u00ebpunim me Fondacionin Shoq\u00ebria e Hapur (Soros) kan\u00eb iniciuar Programin \u201cRritja e Pjes\u00ebmarrjes s\u00eb Publikut n\u00eb Procesin Legjislativ\u201d Q\u00ebllimi i programit \u00ebsht\u00eb t\u00eb forcoj\u00eb pjes\u00ebmarrjen e publikut n\u00eb proceset legjislative dhe vendimmarr\u00ebse t\u00eb qeverisjes, duke synuar zhvillimin e praktikave demokratike dhe forcimin e shtetit ligjor n\u00eb Shqip\u00ebri.<\/p>\n<p>Objektivat e programit jane rritja e pjes\u00ebmarrjes s\u00eb shoq\u00ebris\u00eb civile n\u00eb proceset e qeverisjes si dhe fuqizimi i shoq\u00ebris\u00eb civile p\u00ebr t\u00eb k\u00ebrkuar dhe monitoruar proceset qeveris\u00ebse p\u00ebr nj\u00eb qeverisje m\u00eb transparente dhe t\u00eb p\u00ebrgjegjshme.<\/p>\n<p>Programi ka n\u00eb fokusin q\u00ebndror proceset legjislative, por n\u00eb nj\u00eb v\u00ebshtrim m\u00eb t\u00eb gjer\u00eb, adresimin e pjes\u00ebmarrjes s\u00eb publikut n\u00eb t\u00eb gjitha sferat e qeverisjes. Hartimi i k\u00ebtij programi ka ardhur si p\u00ebrgjigje ndaj k\u00ebrkesave t\u00eb partner\u00ebve t\u00eb shoq\u00ebris\u00eb civile p\u00ebr t\u00eb siguruar informacion dhe mb\u00ebshtetje n\u00eb kapacitetet mbrojt\u00ebse n\u00eb zbatimin e politik\u00ebs dhe legjislacionit, c\u00ebshtje q\u00eb lidhen me shp\u00ebrndarjen e sh\u00ebrbimeve dhe pjes\u00ebmarrjes demokratike n\u00eb p\u00ebrgjith\u00ebsi.<\/p>\n<p><strong>Programi, parashikon ngritjen dhe strukturimin e tre nj\u00ebsive b\u00ebrtham\u00eb:<\/strong><\/p>\n<p><em>\u00a0\u00a0\u00a0 * Nj\u00ebsia e Monitorimit<br \/>\n* Nj\u00ebsia e Trajnimit dhe Advokacis\u00eb<br \/>\n* Nj\u00ebsia e Informimit<\/em><\/p>\n<p>Ky projekt p\u00ebrfshin disa aktivitete q\u00eb do t\u00eb ndihmojn\u00eb p\u00ebr t\u00eb krijuar nj\u00eb informacion, analiz\u00eb dhe baz\u00eb t\u00eb nevojshme p\u00ebr t\u00eb vler\u00ebsuar situat\u00ebn dhe rezultatet q\u00eb do t\u00eb arrihen. Kjo do t\u00eb ndihmoj\u00eb m\u00eb pas p\u00ebr ta shtrir\u00eb programin n\u00eb veprimtarit\u00eb e tjera q\u00eb parashikohen n\u00eb k\u00ebt\u00eb vizion.<\/p>\n<p><strong>P\u00ebrsa i p\u00ebrket nj\u00ebsis\u00eb s\u00eb monitorimit<\/strong><br \/>\nDo t\u00eb monitorohen politikat dhe proceset e hartimit dhe shqyrtimit t\u00eb legjislacionit t\u00eb Ekzekutivit dhe Parlamentit dhe do t\u00eb nxitet dhe mb\u00ebshtetet lobimi p\u00ebr promovimin e pjes\u00ebmarrjes s\u00eb publikut n\u00eb k\u00ebto procese.<\/p>\n<p>Nj\u00ebsia do t\u00eb shp\u00ebrndaj\u00eb informacion n\u00eb nj\u00eb rrjet t\u00eb OJF-ve, do t&#8217;i pajis\u00eb ato me informacionin e nevojsh\u00ebm p\u00ebr aktivitetet e tyre t\u00eb advokacis\u00eb.<\/p>\n<p>QSP do t\u00eb mbaj\u00eb sesione informuese, q\u00eb fokusohen n\u00eb zhvillimet kyce politike dhe legjislative q\u00eb synojn\u00eb identifikimin e politik\u00ebs dhe zbatimin n\u00eb lidhje me proceset q\u00eb p\u00ebrfshihen n\u00eb hartimin e asaj politike apo legjislacioni t\u00eb vecant\u00eb.<\/p>\n<p>\u00c7do organizat\u00eb apo individ q\u00eb d\u00ebshiron t\u00eb p\u00ebrfshihet n\u00eb k\u00ebt\u00eb program duhet t\u00eb plot\u00ebsoj\u00eb form\u00ebn e rrjetit te advokacis\u00eb Online.<\/p>\n<p><strong>P\u00ebrsa i p\u00ebrket nj\u00ebsis\u00eb s\u00eb Informimit<\/strong><br \/>\nKjo nj\u00ebsi do t\u00eb monitoroj\u00eb zbatimin e ligjit p\u00ebr t\u00eb drejt\u00ebn e informimit mbi dokumentat zyrtare, do t\u00eb loboj\u00eb dhe asistoj\u00eb inisiativat e qeveris\u00eb p\u00ebr hartimin dhe zbatimin e akteve n\u00ebnligjore n\u00eb zbatim t\u00eb ligjit.<\/p>\n<p>Nj\u00eb drejtim tjet\u00ebr do t\u00eb jet\u00eb asistenca ligjore p\u00ebr individ\u00ebt dhe organizatat q\u00eb jan\u00eb viktim\u00eb e mohimit t\u00eb s\u00eb drejt\u00ebs p\u00ebr informim. P\u00ebr k\u00ebt\u00eb q\u00ebllim pran\u00eb nj\u00ebsis\u00eb do t\u00eb kontraktohet nj\u00eb avokat p\u00ebr ndjekjen e t\u00eb gjitha procedurave ligjore.<\/p>\n<p>Do t\u00eb hartohen dhe shp\u00ebrndahen broshura informuese mbi t\u00eb drejt\u00ebn e informimit p\u00ebr publikun dhe administrat\u00ebn.<\/p>\n<p>P\u00ebrmes k\u00ebtij programi, QSP do t\u00eb siguroj\u00eb analiz\u00ebn e politikave dhe t\u00eb c\u00ebshtjeve t\u00eb tjera ligjore q\u00eb kan\u00eb impakt n\u00eb sferat e qeverisjes qendrore dhe vendore; dhe do t\u00eb shp\u00ebrndaj\u00eb k\u00ebt\u00eb analiz\u00eb p\u00ebrmes seminareve t\u00eb rregullta dhe raportve te shkruara.<\/p>\n<p><strong>P\u00ebrfituesit<\/strong><br \/>\nP\u00ebrfituesit e programit jan\u00eb grupet e interesuara t\u00eb shoq\u00ebris\u00eb civile dhe strukturat qeveris\u00ebse q\u00eb do t\u00eb p\u00ebrfitojn\u00eb nga procesi i konsultimit dhe pjes\u00ebmarrjes s\u00eb publikut n\u00eb vendimmarrjen legjislative.<\/p>\n","protected":false},"excerpt":{"rendered":"<p>RRITJA E PJES\u00cbMARRJES S\u00cb PUBLIKUT N\u00cb PROCESIN LEGJISLATIV Qendra e Studimeve Parlamentare n\u00eb bashk\u00ebpunim me Fondacionin Shoq\u00ebria e Hapur (Soros) kan\u00eb iniciuar Programin \u201cRritja e Pjes\u00ebmarrjes s\u00eb Publikut n\u00eb Procesin Legjislativ\u201d Q\u00ebllimi i programit \u00ebsht\u00eb [&hellip;]<\/p>\n","protected":false},"author":1,"featured_media":0,"parent":0,"menu_order":0,"comment_status":"closed","ping_status":"closed","template":"","meta":{"footnotes":""},"class_list":["post-1427","page","type-page","status-publish","hentry"],"_links":{"self":[{"href":"http:\/\/ascpdp.com\/english\/index.php?rest_route=\/wp\/v2\/pages\/1427","targetHints":{"allow":["GET"]}}],"collection":[{"href":"http:\/\/ascpdp.com\/english\/index.php?rest_route=\/wp\/v2\/pages"}],"about":[{"href":"http:\/\/ascpdp.com\/english\/index.php?rest_route=\/wp\/v2\/types\/page"}],"author":[{"embeddable":true,"href":"http:\/\/ascpdp.com\/english\/index.php?rest_route=\/wp\/v2\/users\/1"}],"replies":[{"embeddable":true,"href":"http:\/\/ascpdp.com\/english\/index.php?rest_route=%2Fwp%2Fv2%2Fcomments&post=1427"}],"version-history":[{"count":1,"href":"http:\/\/ascpdp.com\/english\/index.php?rest_route=\/wp\/v2\/pages\/1427\/revisions"}],"predecessor-version":[{"id":1428,"href":"http:\/\/ascpdp.com\/english\/index.php?rest_route=\/wp\/v2\/pages\/1427\/revisions\/1428"}],"wp:attachment":[{"href":"http:\/\/ascpdp.com\/english\/index.php?rest_route=%2Fwp%2Fv2%2Fmedia&parent=1427"}],"curies":[{"name":"wp","href":"https:\/\/api.w.org\/{rel}","templated":true}]}}